{"id":46,"date":"2024-12-25T15:36:19","date_gmt":"2024-12-25T14:36:19","guid":{"rendered":"https:\/\/www.bokmangropman.se\/?page_id=46"},"modified":"2024-12-25T16:52:55","modified_gmt":"2024-12-25T15:52:55","slug":"om-oss","status":"publish","type":"page","link":"https:\/\/www.bokmangropman.se\/?page_id=46","title":{"rendered":"Om oss"},"content":{"rendered":"\n<p>Bokman Gropman finns i R\u00f6 utanf\u00f6r Rimbo i Norrt\u00e4lje kommun. H\u00e4r samlas b\u00f6ckerna i familjen Gropmans stuga p\u00e5 g\u00e5rden.<\/p>\n\n\n\n<p>Vi vill ge f\u00f6rl\u00e4ngt liv till b\u00e5de \u00e4lskade och ratade b\u00f6cker. En bok \u00e4r inte f\u00f6rbrukad efter ett k\u00f6p eller endast en genoml\u00e4sning.<\/p>\n\n\n\n<p>Allt vi eventuellt tj\u00e4nar p\u00e5 bokloppisen g\u00e5r tillbaka till verksamheten som vi f\u00f6rhoppningsvis kan ut\u00f6ka med tiden i b\u00e5de antal b\u00f6cker och andra litter\u00e4ra aktiviteter.<\/p>\n\n\n\n<p>\u00d6ppettiderna varierar under perioden maj-augusti s\u00e5 det \u00e4r alltid okej att kontakta oss p\u00e5 Instagram eller via mejl om det \u00e4r s\u00e5 att du har v\u00e4garna f\u00f6rbi och vill g\u00f6ra ett bes\u00f6k utanf\u00f6r \u00f6ppettiderna.<\/p>\n\n\n\n<p><\/p>\n","protected":false},"excerpt":{"rendered":"<p>Bokman Gropman finns i R\u00f6 utanf\u00f6r Rimbo i Norrt\u00e4lje kommun. H\u00e4r samlas b\u00f6ckerna i familjen Gropmans stuga p\u00e5 g\u00e5rden. Vi vill ge f\u00f6rl\u00e4ngt liv till b\u00e5de \u00e4lskade och ratade b\u00f6cker. En bok \u00e4r inte f\u00f6rbrukad efter ett k\u00f6p eller endast en genoml\u00e4sning. Allt vi eventuellt tj\u00e4nar p\u00e5 bokloppisen g\u00e5r tillbaka till verksamheten som vi f\u00f6rhoppningsvis [&hellip;]<\/p>\n","protected":false},"author":1,"featured_media":0,"parent":0,"menu_order":0,"comment_status":"closed","ping_status":"closed","template":"","meta":{"footnotes":""},"class_list":["post-46","page","type-page","status-publish","hentry"],"_links":{"self":[{"href":"https:\/\/www.bokmangropman.se\/index.php?rest_route=\/wp\/v2\/pages\/46","targetHints":{"allow":["GET"]}}],"collection":[{"href":"https:\/\/www.bokmangropman.se\/index.php?rest_route=\/wp\/v2\/pages"}],"about":[{"href":"https:\/\/www.bokmangropman.se\/index.php?rest_route=\/wp\/v2\/types\/page"}],"author":[{"embeddable":true,"href":"https:\/\/www.bokmangropman.se\/index.php?rest_route=\/wp\/v2\/users\/1"}],"replies":[{"embeddable":true,"href":"https:\/\/www.bokmangropman.se\/index.php?rest_route=%2Fwp%2Fv2%2Fcomments&post=46"}],"version-history":[{"count":4,"href":"https:\/\/www.bokmangropman.se\/index.php?rest_route=\/wp\/v2\/pages\/46\/revisions"}],"predecessor-version":[{"id":64,"href":"https:\/\/www.bokmangropman.se\/index.php?rest_route=\/wp\/v2\/pages\/46\/revisions\/64"}],"wp:attachment":[{"href":"https:\/\/www.bokmangropman.se\/index.php?rest_route=%2Fwp%2Fv2%2Fmedia&parent=46"}],"curies":[{"name":"wp","href":"https:\/\/api.w.org\/{rel}","templated":true}]}}